{"id":85,"date":"2016-11-29T10:33:17","date_gmt":"2016-11-29T10:33:17","guid":{"rendered":"http:\/\/www.torcyphilatelie.fr\/?page_id=85"},"modified":"2016-11-29T10:33:17","modified_gmt":"2016-11-29T10:33:17","slug":"historique-du-club","status":"publish","type":"page","link":"https:\/\/www.torcyphilatelie.fr\/?page_id=85","title":{"rendered":"Historique du club"},"content":{"rendered":"<p>Les origines de l\u2019association sont li\u00e9es au d\u00e9veloppement  de la ville nouvelle de Marne la Vall\u00e9e.<br \/>\nC\u2019est le 28 f\u00e9vrier 1980 qu\u2019est cr\u00e9e l\u2019Association Marne la Vall\u00e9e Philat\u00e9lie, gr\u00e2ce \u00e0 l\u2019initiative de son premier pr\u00e9sident, Andr\u00e9 Deluchey.<br \/>\nElle adoptera son appellation d\u00e9finitive de Torcy Philat\u00e9lie six ans plus tard, sous la houlette de son second pr\u00e9sident, Michel Guillaume, \u00e9lu en 1984.<\/p>\n<p>Christian Bosser, \u00e9lu le 12 janvier 1991, insuffle un nouveau souffle \u00e0 l\u2019association en cr\u00e9ant le Salon des Collectionneurs, dont la premi\u00e8re \u00e9dition a lieu au printemps 1992. Cet \u00e9v\u00e9nement sera renouvel\u00e9 tous les ans, pour le plus grand bonheur des collectionneurs de la r\u00e9gion.<br \/>\nApr\u00e8s une d\u00e9cennie de gestion et d\u2019engagement, Christian passe la main \u00e0 Jean-Michel Barreau, \u00e9lu en janvier 2001, et qui pr\u00e9side encore aujourd\u2019hui aux destin\u00e9es du club. Sous son impulsion est initi\u00e9e la premi\u00e8re Vente sur Offre interne au club, en octobre 2006. Nous en sommes maintenant \u00e0 la 19eme.<\/p>\n","protected":false},"excerpt":{"rendered":"<p>Les origines de l\u2019association sont li\u00e9es au d\u00e9veloppement de la ville nouvelle de Marne la Vall\u00e9e. C\u2019est le 28 f\u00e9vrier 1980 qu\u2019est cr\u00e9e l\u2019Association Marne la Vall\u00e9e Philat\u00e9lie, gr\u00e2ce \u00e0 l\u2019initiative de son premier pr\u00e9sident, Andr\u00e9 Deluchey. Elle adoptera son appellation d\u00e9finitive de Torcy Philat\u00e9lie six ans plus tard, sous &hellip;<\/p>\n","protected":false},"author":1,"featured_media":0,"parent":0,"menu_order":0,"comment_status":"closed","ping_status":"closed","template":"","meta":{"footnotes":""},"class_list":["post-85","page","type-page","status-publish","hentry"],"_links":{"self":[{"href":"https:\/\/www.torcyphilatelie.fr\/index.php?rest_route=\/wp\/v2\/pages\/85","targetHints":{"allow":["GET"]}}],"collection":[{"href":"https:\/\/www.torcyphilatelie.fr\/index.php?rest_route=\/wp\/v2\/pages"}],"about":[{"href":"https:\/\/www.torcyphilatelie.fr\/index.php?rest_route=\/wp\/v2\/types\/page"}],"author":[{"embeddable":true,"href":"https:\/\/www.torcyphilatelie.fr\/index.php?rest_route=\/wp\/v2\/users\/1"}],"replies":[{"embeddable":true,"href":"https:\/\/www.torcyphilatelie.fr\/index.php?rest_route=%2Fwp%2Fv2%2Fcomments&post=85"}],"version-history":[{"count":1,"href":"https:\/\/www.torcyphilatelie.fr\/index.php?rest_route=\/wp\/v2\/pages\/85\/revisions"}],"predecessor-version":[{"id":86,"href":"https:\/\/www.torcyphilatelie.fr\/index.php?rest_route=\/wp\/v2\/pages\/85\/revisions\/86"}],"wp:attachment":[{"href":"https:\/\/www.torcyphilatelie.fr\/index.php?rest_route=%2Fwp%2Fv2%2Fmedia&parent=85"}],"curies":[{"name":"wp","href":"https:\/\/api.w.org\/{rel}","templated":true}]}}